{"id":728,"date":"2018-08-29T18:59:11","date_gmt":"2018-08-29T21:59:11","guid":{"rendered":"https:\/\/isfdyt138-bue.infd.edu.ar\/sitio\/datos-institucionales\/"},"modified":"2024-05-16T02:14:12","modified_gmt":"2024-05-16T05:14:12","slug":"datos-institucionales","status":"publish","type":"page","link":"https:\/\/isfdyt138-bue.infd.edu.ar\/sitio\/datos-institucionales\/","title":{"rendered":"Datos institucionales"},"content":{"rendered":"<h4>ISFD y T N\u00b0 138 &#8211; Escuela Normal Superior \u00abDomingo Fidel Sarmiento\u00bb<\/h4>\n<p>Direcci\u00f3n: Avenida presidente Per\u00f3n 604, Capit\u00e1n Sarmiento<\/p>\n<p>Tel\u00e9fonos: 02478 482000 481927<\/p>\n<p>Correo Electr\u00f3nico: isfdyt138csarmiento@abc.gob.ar<\/p>\n<p>Facebook: www.facebook.com\/isfdyt138\/https:\/\/www.facebook.com\/isfdyt138<\/p>\n<p>Instagram: www.instagram.com\/isfdyt138oficial\/<\/p>\n","protected":false},"excerpt":{"rendered":"<p>ISFD y T N\u00b0 138 &#8211; Escuela Normal Superior \u00abDomingo Fidel Sarmiento\u00bb Direcci\u00f3n: Avenida presidente Per\u00f3n 604, Capit\u00e1n Sarmiento Tel\u00e9fonos: 02478 482000 481927 Correo Electr\u00f3nico: isfdyt138csarmiento@abc.gob.ar Facebook: www.facebook.com\/isfdyt138\/https:\/\/www.facebook.com\/isfdyt138 Instagram: www.instagram.com\/isfdyt138oficial\/<\/p>\n","protected":false},"author":102,"featured_media":0,"parent":0,"menu_order":0,"comment_status":"closed","ping_status":"closed","template":"","meta":[],"acf":[],"_links":{"self":[{"href":"https:\/\/isfdyt138-bue.infd.edu.ar\/sitio\/wp-json\/wp\/v2\/pages\/728"}],"collection":[{"href":"https:\/\/isfdyt138-bue.infd.edu.ar\/sitio\/wp-json\/wp\/v2\/pages"}],"about":[{"href":"https:\/\/isfdyt138-bue.infd.edu.ar\/sitio\/wp-json\/wp\/v2\/types\/page"}],"author":[{"embeddable":true,"href":"https:\/\/isfdyt138-bue.infd.edu.ar\/sitio\/wp-json\/wp\/v2\/users\/102"}],"replies":[{"embeddable":true,"href":"https:\/\/isfdyt138-bue.infd.edu.ar\/sitio\/wp-json\/wp\/v2\/comments?post=728"}],"version-history":[{"count":4,"href":"https:\/\/isfdyt138-bue.infd.edu.ar\/sitio\/wp-json\/wp\/v2\/pages\/728\/revisions"}],"predecessor-version":[{"id":890,"href":"https:\/\/isfdyt138-bue.infd.edu.ar\/sitio\/wp-json\/wp\/v2\/pages\/728\/revisions\/890"}],"wp:attachment":[{"href":"https:\/\/isfdyt138-bue.infd.edu.ar\/sitio\/wp-json\/wp\/v2\/media?parent=728"}],"curies":[{"name":"wp","href":"https:\/\/api.w.org\/{rel}","templated":true}]}}