{"id":734,"date":"2018-08-29T18:59:13","date_gmt":"2018-08-29T21:59:13","guid":{"rendered":"https:\/\/isfdyt138-bue.infd.edu.ar\/sitio\/historia\/"},"modified":"2024-05-16T02:17:23","modified_gmt":"2024-05-16T05:17:23","slug":"historia","status":"publish","type":"page","link":"https:\/\/isfdyt138-bue.infd.edu.ar\/sitio\/historia\/","title":{"rendered":"Historia"},"content":{"rendered":"<p><b>RESE\u00d1A ESCUELA NORMAL SUPERIOR \u201cDOMINGO FIDEL SARMIENTO\u201d<\/b><\/p>\n<p><span style=\"font-weight: 400;\">La Escuela Normal Superior \u201cDomingo Fidel Sarmiento\u201d se encuentra ubicada en Avenida Presidente Per\u00f3n 604. Fue fundada en 1959 como Instituto de Ense\u00f1anza Privado,\u00a0 hace 55 a\u00f1os; con la nacionalizaci\u00f3n se transform\u00f3 en Escuela Normal conformada por los cuatro niveles educativos. Las cuatro instituciones que la conforman funcionan como Unidad Acad\u00e9mica.\u00a0<\/span><\/p>\n<ul>\n<li style=\"font-weight: 400;\"><span style=\"font-weight: 400;\">El Jard\u00edn 906.\u00a0<\/span><\/li>\n<li style=\"font-weight: 400;\"><span style=\"font-weight: 400;\">La Escuela de Educaci\u00f3n Primaria N\u00b0 13.\u00a0<\/span><\/li>\n<li style=\"font-weight: 400;\"><span style=\"font-weight: 400;\">La Escuela de Educaci\u00f3n Secundaria N\u00b0 2. Ofrece los Bachilleratos en Ciencias Sociales, Ciencias Naturales y Educaci\u00f3n F\u00edsica.<\/span><\/li>\n<li style=\"font-weight: 400;\"><span style=\"font-weight: 400;\">El Instituto Superior de Formaci\u00f3n Docente y T\u00e9cnica N\u00b0 138, lleva la impronta de la inolvidable Profesora Mar\u00eda Azucena Lobo, quien en su inalterable fe en la educaci\u00f3n, concibi\u00f3 la idea de una instituci\u00f3n formadora de docentes para Capit\u00e1n Sarmiento. Actualmente se dictan las siguientes carreras docentes y t\u00e9cnicas:<\/span><\/li>\n<\/ul>\n<ul>\n<li style=\"font-weight: 400;\"><span style=\"font-weight: 400;\">Profesorado de Educaci\u00f3n Primaria<\/span><\/li>\n<li style=\"font-weight: 400;\"><span style=\"font-weight: 400;\">Profesorado de Educaci\u00f3n Inicial<\/span><\/li>\n<li>Profesorado de Ingl\u00e9s<\/li>\n<li style=\"font-weight: 400;\"><span style=\"font-weight: 400;\">Profesorado de F\u00edsica<\/span><\/li>\n<li>Profesorado de Biolog\u00eda<\/li>\n<li style=\"font-weight: 400;\"><span style=\"font-weight: 400;\">Tecnicatura Superior en Enfermer\u00eda<\/span><\/li>\n<\/ul>\n","protected":false},"excerpt":{"rendered":"<p>RESE\u00d1A ESCUELA NORMAL SUPERIOR \u201cDOMINGO FIDEL SARMIENTO\u201d La Escuela Normal Superior \u201cDomingo Fidel Sarmiento\u201d se encuentra ubicada en Avenida Presidente Per\u00f3n 604. Fue fundada en 1959 como Instituto de Ense\u00f1anza Privado,\u00a0 hace 55 a\u00f1os; con la nacionalizaci\u00f3n se transform\u00f3 en Escuela Normal conformada por los cuatro niveles educativos. Las cuatro instituciones que la conforman funcionan &#8230; <a title=\"Historia\" class=\"read-more\" href=\"https:\/\/isfdyt138-bue.infd.edu.ar\/sitio\/historia\/\" aria-label=\"More on Historia\">[+]<\/a><\/p>\n","protected":false},"author":102,"featured_media":0,"parent":0,"menu_order":0,"comment_status":"closed","ping_status":"closed","template":"","meta":[],"acf":[],"_links":{"self":[{"href":"https:\/\/isfdyt138-bue.infd.edu.ar\/sitio\/wp-json\/wp\/v2\/pages\/734"}],"collection":[{"href":"https:\/\/isfdyt138-bue.infd.edu.ar\/sitio\/wp-json\/wp\/v2\/pages"}],"about":[{"href":"https:\/\/isfdyt138-bue.infd.edu.ar\/sitio\/wp-json\/wp\/v2\/types\/page"}],"author":[{"embeddable":true,"href":"https:\/\/isfdyt138-bue.infd.edu.ar\/sitio\/wp-json\/wp\/v2\/users\/102"}],"replies":[{"embeddable":true,"href":"https:\/\/isfdyt138-bue.infd.edu.ar\/sitio\/wp-json\/wp\/v2\/comments?post=734"}],"version-history":[{"count":3,"href":"https:\/\/isfdyt138-bue.infd.edu.ar\/sitio\/wp-json\/wp\/v2\/pages\/734\/revisions"}],"predecessor-version":[{"id":891,"href":"https:\/\/isfdyt138-bue.infd.edu.ar\/sitio\/wp-json\/wp\/v2\/pages\/734\/revisions\/891"}],"wp:attachment":[{"href":"https:\/\/isfdyt138-bue.infd.edu.ar\/sitio\/wp-json\/wp\/v2\/media?parent=734"}],"curies":[{"name":"wp","href":"https:\/\/api.w.org\/{rel}","templated":true}]}}